{"id":66,"date":"2022-01-25T20:45:51","date_gmt":"2022-01-25T20:45:51","guid":{"rendered":"http:\/\/hobbylandwirtschaft-grove.de\/?page_id=66"},"modified":"2022-01-25T20:50:37","modified_gmt":"2022-01-25T20:50:37","slug":"impressum-2","status":"publish","type":"page","link":"https:\/\/hobbylandwirtschaft-grove.de\/?page_id=66","title":{"rendered":"Impressum"},"content":{"rendered":"\n<p>Alle hier verwendeten Namen, Begriffe, Zeichen und Grafiken k\u00f6nnen Marken- oder Warenzeichen im Besitze ihrer rechtlichen Eigent\u00fcmer sein. Die Rechte aller erw\u00e4hnten und benutzten Marken- und Warenzeichen liegen ausschlie\u00dflich bei deren Besitzern.<\/p>\n\n\n\n<p>Die Inhalte der Internetseite hobbylandwirtschaft-grove.de d\u00fcrfen nur f\u00fcr private Zwecke genutzt werden. Die Urheberrechte sind zu beachten.<\/p>\n\n\n\n<p>Das Kopieren, Vervielf\u00e4ltigen und das Verbreiten von Inhalten, technischen L\u00f6sungen und Layouts von www.hobbylandwirtschaft-grove.de ist nur mit schriftlichem Einverst\u00e4ndnis des Betriebes zul\u00e4ssig.<\/p>\n\n\n\n<p>Dies gilt auch f\u00fcr die Aufnahme in elektronischen Datenbanken und Vervielf\u00e4ltigung auf CD-ROM oder \u00e4hnlichen Medien.<\/p>\n\n\n\n<p>Die Hobbylandwirtschaft Grove \u00fcbernimmt keine Haftung f\u00fcr die Zugangsm\u00f6glichkeit \/ Qualit\u00e4t und die Art der Darstellung.<\/p>\n\n\n\n<p>Das Herunterladen von Inhalten erfolgt auf eigene Gefahr. F\u00fcr Inhalte von &nbsp;haften wir nur bei Vorsatz und grober Fahrl\u00e4ssigkeit (begrenzt auf den typischen vorhersehbaren Schaden).<\/p>\n\n\n\n<p>F\u00fcr Inhalte auf fremden Seiten, die auf &nbsp;verlinkt sind, \u00fcbernehmen wir keine Haftung.<\/p>\n\n\n\n<p>Verantwortlich f\u00fcr die Inhalte und Bilder ist der Webmaster.<br>Herausgeber dieser Seite ist<br>S\u00f6ren Kramer<br><br>Webmaster :\u00a0\u00a0\u00a0\u00a0 \u00a0 \u00a0 \u00a0 \u00a0 \u00a0 \u00a0 \u00a0 \u00a0 \u00a0 \u00a0 \u00a0 \u00a0 \u00a0S\u00f6ren Kramer<br>Email: info@hobbylandwirtschaft-grove.de<\/p>\n","protected":false},"excerpt":{"rendered":"<p>Alle hier verwendeten Namen, Begriffe, Zeichen und Grafiken k\u00f6nnen Marken- oder Warenzeichen im Besitze ihrer rechtlichen Eigent\u00fcmer sein. Die Rechte aller erw\u00e4hnten und benutzten Marken- und Warenzeichen liegen ausschlie\u00dflich bei deren Besitzern. Die Inhalte der Internetseite hobbylandwirtschaft-grove.de d\u00fcrfen nur f\u00fcr private Zwecke genutzt werden. Die Urheberrechte sind zu beachten. Das&#8230;<\/p>\n<p class=\"continue-reading-button\"> <a class=\"continue-reading-link\" href=\"https:\/\/hobbylandwirtschaft-grove.de\/?page_id=66\">Weiterlesen&#8230;<i class=\"crycon-right-dir\"><\/i><\/a><\/p>\n","protected":false},"author":1,"featured_media":0,"parent":0,"menu_order":0,"comment_status":"closed","ping_status":"closed","template":"","meta":{"footnotes":""},"class_list":["post-66","page","type-page","status-publish","hentry"],"jetpack_sharing_enabled":true,"_links":{"self":[{"href":"https:\/\/hobbylandwirtschaft-grove.de\/index.php?rest_route=\/wp\/v2\/pages\/66","targetHints":{"allow":["GET"]}}],"collection":[{"href":"https:\/\/hobbylandwirtschaft-grove.de\/index.php?rest_route=\/wp\/v2\/pages"}],"about":[{"href":"https:\/\/hobbylandwirtschaft-grove.de\/index.php?rest_route=\/wp\/v2\/types\/page"}],"author":[{"embeddable":true,"href":"https:\/\/hobbylandwirtschaft-grove.de\/index.php?rest_route=\/wp\/v2\/users\/1"}],"replies":[{"embeddable":true,"href":"https:\/\/hobbylandwirtschaft-grove.de\/index.php?rest_route=%2Fwp%2Fv2%2Fcomments&post=66"}],"version-history":[{"count":3,"href":"https:\/\/hobbylandwirtschaft-grove.de\/index.php?rest_route=\/wp\/v2\/pages\/66\/revisions"}],"predecessor-version":[{"id":76,"href":"https:\/\/hobbylandwirtschaft-grove.de\/index.php?rest_route=\/wp\/v2\/pages\/66\/revisions\/76"}],"wp:attachment":[{"href":"https:\/\/hobbylandwirtschaft-grove.de\/index.php?rest_route=%2Fwp%2Fv2%2Fmedia&parent=66"}],"curies":[{"name":"wp","href":"https:\/\/api.w.org\/{rel}","templated":true}]}}